{"id":129,"date":"2025-09-15T08:20:28","date_gmt":"2025-09-15T08:20:28","guid":{"rendered":"https:\/\/www.nucleoforcescience.com\/?page_id=129"},"modified":"2025-09-15T09:37:47","modified_gmt":"2025-09-15T09:37:47","slug":"aviso-legal","status":"publish","type":"page","link":"https:\/\/www.nucleoforcescience.com\/en\/aviso-legal\/","title":{"rendered":"Legal advice"},"content":{"rendered":"<div data-elementor-type=\"wp-page\" data-elementor-id=\"129\" class=\"elementor elementor-129\" data-elementor-post-type=\"page\">\n\t\t\t\t<div class=\"elementor-element elementor-element-de0fe6e e-flex e-con-boxed e-con e-parent\" data-id=\"de0fe6e\" data-element_type=\"container\">\n\t\t\t\t\t<div class=\"e-con-inner\">\n\t\t\t\t<div class=\"elementor-element elementor-element-1551349 elementor-widget elementor-widget-heading\" data-id=\"1551349\" data-element_type=\"widget\" data-widget_type=\"heading.default\">\n\t\t\t\t\t<h3 class=\"elementor-heading-title elementor-size-default\"><a href=\"https:\/\/www.nucleoforcescience.com\/en\">Inicio<\/a><\/h3>\t\t\t\t<\/div>\n\t\t\t\t\t<\/div>\n\t\t\t\t<\/div>\n\t\t<div class=\"elementor-element elementor-element-05264e6 e-flex e-con-boxed e-con e-parent\" data-id=\"05264e6\" data-element_type=\"container\">\n\t\t\t\t\t<div class=\"e-con-inner\">\n\t\t\t\t<div class=\"elementor-element elementor-element-4ca1b64 elementor-widget elementor-widget-heading\" data-id=\"4ca1b64\" data-element_type=\"widget\" data-widget_type=\"heading.default\">\n\t\t\t\t\t<h2 class=\"elementor-heading-title elementor-size-default\">Legal advice<\/h2>\t\t\t\t<\/div>\n\t\t\t\t<div class=\"elementor-element elementor-element-93359e9 elementor-widget elementor-widget-text-editor\" data-id=\"93359e9\" data-element_type=\"widget\" data-widget_type=\"text-editor.default\">\n\t\t\t\t\t\t\t\t\t<p><strong>LEY DE LOS SERVICIOS DE LA SOCIEDAD DE LA INFORMACI\u00d3N (LSSI)\u2028<\/strong><br \/>BIOIBERICA S.A.U., responsable del sitio web, en adelante RESPONSABLE, pone a disposici\u00f3n de los usuarios el presente\u00a0documento, con el que pretende dar cumplimiento a las obligaciones dispuestas en la Ley 34\/2002, de 11 de julio, de Servicios de la\u00a0Sociedad de la Informaci\u00f3n y de Comercio Electr\u00f3nico (LSSICE), BOE N \u00ba 166, as\u00ed como informar a todos los usuarios del sitio web\u00a0respecto a cu\u00e1les son las condiciones de uso.\u2028<br \/>Toda persona que acceda a este sitio web asume el papel de usuario, comprometi\u00e9ndose a la observancia y cumplimiento riguroso\u00a0de las disposiciones aqu\u00ed dispuestas, as\u00ed como a cualquier otra disposici\u00f3n legal que fuera de aplicaci\u00f3n.\u00a0BIOIBERICA S.A.U. se reserva el derecho de modificar cualquier tipo de informaci\u00f3n que pudiera aparecer en el sitio web, sin que\u00a0exista obligaci\u00f3n de preavisar o poner en conocimiento de los usuarios dichas obligaciones, entendi\u00e9ndose como suficiente con la\u00a0publicaci\u00f3n en el sitio web de BIOIBERICA S.A.U..\u2028<br \/><b>1. DATOS IDENTIFICATIVOS:<br \/><\/b>\u2028- Nombre de dominio: bioiberica.com\u2028- Denominaci\u00f3n social: BIOIBERICA S.A.U.\u2028- NIF: A08384190\u2028- Domicilio social: Antic Cam\u00ed de Tordera, 109-119 &#8211; 08039 Palafolls (Barcelona)\u2028- Tel\u00e9fono: 93 765 03 90\u2028- e-mail:\u00a0info@bioiberica.com\u2028- Inscrita en el Registro (Mercantil \/ P\u00fablico): Barcelona, el Tomo 33738, Folio 125, Hoja B-99773, Inscripci\u00f3n 55\u00aa<\/p><p><b>2. DERECHOS DE PROPIEDAD INTELECTUAL E INDUSTRIAL:<\/b><\/p><p>El sitio web, incluyendo a t\u00edtulo enunciativo pero no limitativo su programaci\u00f3n, edici\u00f3n, compilaci\u00f3n y dem\u00e1s elementos\u00a0necesarios para su funcionamiento, los dise\u00f1os, logotipos, texto y\/o gr\u00e1ficos, son propiedad del RESPONSABLE o, si es el caso,\u00a0dispone de licencia o autorizaci\u00f3n expresa por parte de los autores. Todos los contenidos del sitio web se encuentran debidamente\u00a0protegidos por la normativa de propiedad intelectual e industrial, as\u00ed como inscritos en los registros p\u00fablicos correspondientes.<\/p><p>Independientemente de la finalidad para la que fueran destinados, la reproducci\u00f3n total o parcial, uso, explotaci\u00f3n, distribuci\u00f3n y\u00a0comercializaci\u00f3n, requiere en todo caso de la autorizaci\u00f3n escrita previa por parte del RESPONSABLE. Cualquier uso no autorizado\u00a0previamente se considera un incumplimiento grave de los derechos de propiedad intelectual o industrial del autor.\u00a0Los dise\u00f1os, logotipos, texto y\/o gr\u00e1ficos ajenos al RESPONSABLE y que pudieran aparecer en el sitio web, pertenecen a sus\u00a0respectivos propietarios, siendo ellos mismos responsables de cualquier posible controversia que pudiera suscitarse respecto a los\u2028mismos. El RESPONSABLE autoriza expresamente a que terceros puedan redirigir directamente a los contenidos concretos del sitio\u00a0web, y en todo caso redirigir al sitio web principal de bioiberica.com.<\/p><p>El RESPONSABLE reconoce a favor de sus titulares los correspondientes derechos de propiedad intelectual e industrial, no\u00a0implicando su sola menci\u00f3n o aparici\u00f3n en el sitio web la existencia de derechos o responsabilidad alguna sobre los mismos, como\u00a0tampoco respaldo, patrocinio o recomendaci\u00f3n por parte del mismo.\u00a0Para realizar cualquier tipo de observaci\u00f3n respecto a posibles incumplimientos de los derechos de propiedad intelectual o\u00a0industrial, as\u00ed como sobre cualquiera de los contenidos del sitio web, puede hacerlo a trav\u00e9s del correo electr\u00f3nico\u00a0dataprotection@bioiberica.com.<\/p><p><b>3. EXENCI\u00d3N DE RESPONSABILIDADES:<br \/><\/b>El RESPONSABLE se exime de cualquier tipo de responsabilidad derivada de la informaci\u00f3n publicada en su sitio web siempre que\u00a0esta informaci\u00f3n haya sido manipulada o introducida por un tercero ajeno al mismo.<\/p><p>Uso de Cookies:<\/p><p>Este sitio web\u00a0puede utilizar cookies t\u00e9cnicas (peque\u00f1os archivos de informaci\u00f3n que el servidor env\u00eda al ordenador de quien\u00a0accede a la p\u00e1gina) para llevar a cabo determinadas funciones que son consideradas imprescindibles para el correcto\u00a0funcionamiento y visualizaci\u00f3n del sitio. Las cookies utilizadas tienen, en todo caso, car\u00e1cter temporal, con la \u00fanica finalidad de\u00a0hacer m\u00e1s eficaz la navegaci\u00f3n, y desaparecen al terminar la sesi\u00f3n del usuario. En ning\u00fan caso, estas cookies proporcionan por s\u00ed\u00a0mismas datos de car\u00e1cter personal y no se utilizar\u00e1n para la recogida de los mismos.<\/p><p>Mediante el uso de cookies tambi\u00e9n es posible que el servidor donde se encuentra la web reconozca el navegador utilizado por el\u00a0usuario con la finalidad de que la navegaci\u00f3n sea m\u00e1s sencilla, permitiendo, por ejemplo, el acceso de los usuarios que se hayan\u00a0registrado previamente a las \u00e1reas, servicios, promociones o concursos reservados exclusivamente a ellos sin tener que registrarse\u00a0en cada visita. Tambi\u00e9n se pueden utilizar para medir la audiencia, par\u00e1metros de tr\u00e1fico, controlar el progreso y n\u00famero de\u00a0entradas, etc, siendo en estos casos cookies prescindibles t\u00e9cnicamente pero beneficiosas para el usuario. Este sitio web no\u2028instalar\u00e1 cookies prescindibles sin el consentimiento previo del usuario.<\/p><p>El usuario tiene la posibilidad de configurar su navegador para ser alertado de la recepci\u00f3n de cookies y para impedir su instalaci\u00f3n\u00a0en su equipo. Por favor, consulte las instrucciones de su navegador para ampliar esta informaci\u00f3n.\u00a0<\/p><p>Pol\u00edtica de enlaces:<\/p><p>Desde el sitio web, es posible que se redirija a contenidos de terceros sitios web. Dado que el RESPONSABLE no puede controlar\u00a0siempre los contenidos introducidos por los terceros en sus respectivos sitios web, no asume ning\u00fan tipo de responsabilidad\u00a0respecto a dichos contenidos. En todo caso, proceder\u00e1 a la retirada inmediata de cualquier contenido que pudiera contravenir la\u00a0legislaci\u00f3n nacional o internacional, la moral o el orden p\u00fablico, procediendo a la retirada inmediata de la redirecci\u00f3n a dicho sitio\u00a0web, poniendo en conocimiento de las autoridades competentes el contenido en cuesti\u00f3n.<\/p><p>El RESPONSABLE no se hace responsable de la informaci\u00f3n y contenidos almacenados, a t\u00edtulo enunciativo pero no limitativo, en\u00a0foros, chats, generadores de blogs, comentarios, redes sociales o cualquier otro medio que permita a terceros publicar contenidos\u00a0de forma independiente en la p\u00e1gina web del\u00a0RESPONSABLE. Sin embargo, y en cumplimiento de lo dispuesto en los art\u00edculos 11 y\u00a016 de la LSSICE, se pone a disposici\u00f3n de todos los usuarios, autoridades y fuerzas de seguridad, colaborando de forma activa en la\u00a0retirada o, en su caso, bloqueo de todos aquellos contenidos que puedan afectar o contravenir la legislaci\u00f3n nacional o\u00a0internacional, los derechos de terceros o la moral y el orden p\u00fablico. En caso de que el usuario considere que existe en el sitio web\u00a0alg\u00fan contenido que pudiera ser susceptible de esta clasificaci\u00f3n, se ruega lo notifique de forma inmediata al administrador del\u00a0sitio web.<\/p><p>Este sitio web ha sido revisado y probado para que funcione correctamente. En principio, puede garantizarse el correcto\u00a0funcionamiento los 365 d\u00edas del a\u00f1o, 24 horas al d\u00eda. Sin embargo, el RESPONSABLE no descarta la posibilidad de que existan ciertos\u00a0errores de programaci\u00f3n, o que acontezcan causas de fuerza mayor, cat\u00e1strofes naturales, huelgas o circunstancias semejantes que\u00a0hagan imposible el acceso a la p\u00e1gina web.<\/p><p>Direcciones IP:<\/p><p>Los servidores del sitio web podr\u00e1n detectar de manera autom\u00e1tica la direcci\u00f3n IP y el nombre de dominio utilizados por el usuario.\u00a0Una direcci\u00f3n IP es un n\u00famero asignado autom\u00e1ticamente a un ordenador cuando \u00e9ste se conecta a Internet. Toda esta\u00a0informaci\u00f3n es registrada en un fichero de actividad del servidor debidamente inscrito que permite el posterior procesamiento de\u00a0los datos con el fin de obtener mediciones \u00fanicamente estad\u00edsticas que permitan conocer el n\u00famero de impresiones de p\u00e1ginas, el\u00a0n\u00famero de visitas realizadas a los servidores web, el orden de visitas, el punto de acceso, etc.<\/p><p><b>4. LEY APLICABLE Y JURISDICCI\u00d3N<br \/><\/b>\u2028La ley aplicable en caso de disputa o conflicto de interpretaci\u00f3n de los t\u00e9rminos que conforman los textos legales, as\u00ed como\u00a0cualquier cuesti\u00f3n relacionada con los servicios de la presente web, ser\u00e1 la ley espa\u00f1ola.<\/p><p>\u00daltima actualizaci\u00f3n: 04\/09\/2020<\/p>\t\t\t\t\t\t\t\t<\/div>\n\t\t\t\t\t<\/div>\n\t\t\t\t<\/div>\n\t\t\t\t<\/div>","protected":false},"excerpt":{"rendered":"<p>Inicio Aviso legal LEY DE LOS SERVICIOS DE LA SOCIEDAD DE LA INFORMACI\u00d3N (LSSI)\u2028BIOIBERICA S.A.U., responsable del sitio web, en adelante RESPONSABLE, pone a disposici\u00f3n de los usuarios el presente\u00a0documento, con el que pretende dar cumplimiento a las obligaciones dispuestas en la Ley 34\/2002, de 11 de julio, de Servicios de la\u00a0Sociedad de la Informaci\u00f3n [&hellip;]<\/p>","protected":false},"author":1,"featured_media":0,"parent":0,"menu_order":0,"comment_status":"closed","ping_status":"closed","template":"elementor_header_footer","meta":{"footnotes":""},"class_list":["post-129","page","type-page","status-publish","hentry"],"_links":{"self":[{"href":"https:\/\/www.nucleoforcescience.com\/en\/wp-json\/wp\/v2\/pages\/129","targetHints":{"allow":["GET"]}}],"collection":[{"href":"https:\/\/www.nucleoforcescience.com\/en\/wp-json\/wp\/v2\/pages"}],"about":[{"href":"https:\/\/www.nucleoforcescience.com\/en\/wp-json\/wp\/v2\/types\/page"}],"author":[{"embeddable":true,"href":"https:\/\/www.nucleoforcescience.com\/en\/wp-json\/wp\/v2\/users\/1"}],"replies":[{"embeddable":true,"href":"https:\/\/www.nucleoforcescience.com\/en\/wp-json\/wp\/v2\/comments?post=129"}],"version-history":[{"count":13,"href":"https:\/\/www.nucleoforcescience.com\/en\/wp-json\/wp\/v2\/pages\/129\/revisions"}],"predecessor-version":[{"id":143,"href":"https:\/\/www.nucleoforcescience.com\/en\/wp-json\/wp\/v2\/pages\/129\/revisions\/143"}],"wp:attachment":[{"href":"https:\/\/www.nucleoforcescience.com\/en\/wp-json\/wp\/v2\/media?parent=129"}],"curies":[{"name":"wp","href":"https:\/\/api.w.org\/{rel}","templated":true}]}}